{"id":12,"date":"2022-07-16T15:52:18","date_gmt":"2022-07-16T15:52:18","guid":{"rendered":"https:\/\/navialtar.com\/?page_id=12"},"modified":"2023-12-30T16:53:35","modified_gmt":"2023-12-30T16:53:35","slug":"coming-soon-one","status":"publish","type":"page","link":"https:\/\/navialtar.com\/","title":{"rendered":""},"content":{"rendered":"<div class=\"vce-row-container\" data-vce-boxed-width=\"true\"><div class=\"vce-row vce-row--col-gap-30 vce-row-equal-height vce-row-content--top\" id=\"el-21049001\" data-vce-do-apply=\"all el-21049001\"><div class=\"vce-row-content\" data-vce-element-content=\"true\"><div class=\"vce-col vce-col--md-auto vce-col--xs-1 vce-col--xs-last vce-col--xs-first vce-col--sm-last vce-col--sm-first vce-col--md-last vce-col--lg-last vce-col--xl-last vce-col--md-first vce-col--lg-first vce-col--xl-first\" id=\"el-0c4081f7\"><div class=\"vce-col-inner\" data-vce-do-apply=\"border margin background  el-0c4081f7\"><div class=\"vce-col-content\" data-vce-element-content=\"true\" data-vce-do-apply=\"padding el-0c4081f7\"><div class=\"vce-single-image-container vce-single-image--align-center\"><div class=\"vce vce-single-image-wrapper\" id=\"el-f151dee1\" data-vce-do-apply=\"all el-f151dee1\" data-vce-animate=\"vce-o-animate--pulse\"><figure><div class=\"vce-single-image-figure-inner\" style=\"width: 200px;\"><a href=\"http:\/\/play.google.com\/store\/apps\/details?id=yon.vwapwofetik\" title=\"\" target=\"_blank\" class=\"vce-single-image-inner vce-single-image--absolute\" style=\"width: 100%; padding-bottom: 38.5%;\" rel=\"noopener\"><img loading=\"lazy\" decoding=\"async\" class=\"vce-single-image\"  width=\"200\" height=\"77\" srcset=\"https:\/\/navialtar.com\/wp-content\/uploads\/2023\/12\/google-play-badge-320x124.png 320w, https:\/\/navialtar.com\/wp-content\/uploads\/2023\/12\/google-play-badge-480x186.png 480w, https:\/\/navialtar.com\/wp-content\/uploads\/2023\/12\/google-play-badge-e1703955163133-200x77.png 200w\" src=\"https:\/\/navialtar.com\/wp-content\/uploads\/2023\/12\/google-play-badge-e1703955163133-200x77.png\" data-img-src=\"https:\/\/navialtar.com\/wp-content\/uploads\/2023\/12\/google-play-badge-e1703955163133.png\" data-attachment-id=\"96\"  alt=\"\" title=\"google-play-badge\" \/><\/a><\/div><figcaption hidden=\"\"><\/figcaption><\/figure><\/div><\/div><div class=\"vce-text-block\"><div class=\"vce-text-block-wrapper vce\" id=\"el-b95bc915\" data-vce-do-apply=\"all el-b95bc915\"><h2 style=\"text-align: center;\"><strong><span style=\"color: #ff0000;\">PREPARE WOUT LA MESIA AP TOUNEN<\/span><\/strong><\/h2><\/div><\/div><div class=\"vce-text-block\"><div class=\"vce-text-block-wrapper vce\" id=\"el-bb66633e\" data-vce-do-apply=\"all el-bb66633e\"><h2 style=\"text-align: center; line-height: 1;\"><em style=\"font-size: 17.6px;\">\"Se pout\u00e8t sa, ou menm tou dwe prepare; Paske, Moun Bondye voye nan lach\u00e8 a ap vini nan yon l\u00e8 nou pa panse.\" <\/em><\/h2>\n<h2 style=\"text-align: center; line-height: 1;\"><em style=\"font-size: 16px;\">Matye 24:44<\/em><\/h2><\/div><\/div><\/div><\/div><\/div><\/div><\/div><\/div><div class=\"vce-row-container\" data-vce-boxed-width=\"true\"><div class=\"vce-row vce-row--col-gap-30 vce-row-equal-height vce-row-content--top\" id=\"el-d060dded\" data-vce-do-apply=\"all el-d060dded\"><div class=\"vce-row-content\" data-vce-element-content=\"true\"><div class=\"vce-col vce-col--md-auto vce-col--xs-1 vce-col--xs-last vce-col--xs-first vce-col--sm-last vce-col--sm-first vce-col--md-first vce-col--lg-first vce-col--xl-first\" id=\"el-5bc109ee\"><div class=\"vce-col-inner\" data-vce-do-apply=\"border margin background  el-5bc109ee\"><div class=\"vce-col-content\" data-vce-element-content=\"true\" data-vce-do-apply=\"padding el-5bc109ee\"><div class=\"vce-button--style-basic-container vce-button--style-basic-container--align-left\"><span class=\"vce-button--style-basic-wrapper vce vce-button--style-basic-wrapper--stretched\" id=\"el-76edcab4\" data-vce-do-apply=\"margin el-76edcab4\"><a class=\"vce-button vce-button--style-basic vce-button--style-basic--border-square vce-button--style-basic--size-medium vce-button--style-basic--color-b-6-68-178--fff\" href=\"mailto:juntoalpozo@navialtar.com\" title=\"Contacto\" data-vce-do-apply=\"padding border background  el-76edcab4\">Contact<\/a><\/span><\/div><\/div><\/div><\/div><div class=\"vce-col vce-col--md-auto vce-col--xs-1 vce-col--xs-last vce-col--xs-first vce-col--sm-last vce-col--sm-first vce-col--md-last vce-col--lg-last vce-col--xl-last\" id=\"el-93dafd44\"><div class=\"vce-col-inner\" data-vce-do-apply=\"border margin background  el-93dafd44\"><div class=\"vce-col-content\" data-vce-element-content=\"true\" data-vce-do-apply=\"padding el-93dafd44\"><div class=\"vce-facebook-like vce-facebook-like--align-right\"><div class=\"vce-facebook-like-inner vce\" id=\"el-978efe02\" data-vce-do-apply=\"all el-978efe02\"><script>(function(d, s, id) {\n  if(d.getElementById('fb-root')) return;\n  var fbRoot = d.createElement('div');\n  fbRoot.id = 'fb-root';\n  document.getElementsByTagName('body')[0].appendChild(fbRoot);\n  var js, fjs = d.getElementsByTagName(s)[0];\n  if (d.getElementById(id)) return;\n  js = d.createElement(s); js.id = id;\n  js.src = \"https:\/\/connect.facebook.net\/en_US\/sdk.js#xfbml=1&version=v2.12\";\n  fjs.parentNode.insertBefore(js, fjs);\n}(document, 'script', 'facebook-jssdk'));<\/script><div class=\"fb-like\" data-href=\"https:\/\/navialtar.com\/\" data-layout=\"standard\" data-action=\"like\" data-size=\"small\" data-show-faces=\"false\" data-share=\"false\"><\/div><\/div><\/div><\/div><\/div><\/div><\/div><\/div><\/div>\n","protected":false},"excerpt":{"rendered":"<p>PREPARE WOUT LA MESIA AP TOUNEN&#8221;Se pout\u00e8t sa, ou menm tou dwe prepare; Paske, Moun Bondye voye nan lach\u00e8 a ap vini nan yon l\u00e8 nou pa panse.&#8221; Matye 24:44Contact<\/p>\n","protected":false},"author":1,"featured_media":0,"parent":0,"menu_order":0,"comment_status":"closed","ping_status":"closed","template":"","meta":{"om_disable_all_campaigns":false,"_mi_skip_tracking":false,"_monsterinsights_sitenote_active":false,"_monsterinsights_sitenote_note":"","_monsterinsights_sitenote_category":0,"site-sidebar-layout":"default","site-content-layout":"","ast-site-content-layout":"","site-content-style":"default","site-sidebar-style":"default","ast-global-header-display":"","ast-banner-title-visibility":"","ast-main-header-display":"","ast-hfb-above-header-display":"","ast-hfb-below-header-display":"","ast-hfb-mobile-header-display":"","site-post-title":"","ast-breadcrumbs-content":"","ast-featured-img":"","footer-sml-layout":"","theme-transparent-header-meta":"","adv-header-id-meta":"","stick-header-meta":"","header-above-stick-meta":"","header-main-stick-meta":"","header-below-stick-meta":"","astra-migrate-meta-layouts":"","ast-page-background-enabled":"default","ast-page-background-meta":{"desktop":{"background-color":"var(--ast-global-color-4)","background-image":"","background-repeat":"repeat","background-position":"center center","background-size":"auto","background-attachment":"scroll","background-type":"","background-media":"","overlay-type":"","overlay-color":"","overlay-gradient":""},"tablet":{"background-color":"","background-image":"","background-repeat":"repeat","background-position":"center center","background-size":"auto","background-attachment":"scroll","background-type":"","background-media":"","overlay-type":"","overlay-color":"","overlay-gradient":""},"mobile":{"background-color":"","background-image":"","background-repeat":"repeat","background-position":"center center","background-size":"auto","background-attachment":"scroll","background-type":"","background-media":"","overlay-type":"","overlay-color":"","overlay-gradient":""}},"ast-content-background-meta":{"desktop":{"background-color":"var(--ast-global-color-5)","background-image":"","background-repeat":"repeat","background-position":"center center","background-size":"auto","background-attachment":"scroll","background-type":"","background-media":"","overlay-type":"","overlay-color":"","overlay-gradient":""},"tablet":{"background-color":"var(--ast-global-color-5)","background-image":"","background-repeat":"repeat","background-position":"center center","background-size":"auto","background-attachment":"scroll","background-type":"","background-media":"","overlay-type":"","overlay-color":"","overlay-gradient":""},"mobile":{"background-color":"var(--ast-global-color-5)","background-image":"","background-repeat":"repeat","background-position":"center center","background-size":"auto","background-attachment":"scroll","background-type":"","background-media":"","overlay-type":"","overlay-color":"","overlay-gradient":""}},"footnotes":""},"aioseo_notices":[],"_links":{"self":[{"href":"https:\/\/navialtar.com\/index.php?rest_route=\/wp\/v2\/pages\/12"}],"collection":[{"href":"https:\/\/navialtar.com\/index.php?rest_route=\/wp\/v2\/pages"}],"about":[{"href":"https:\/\/navialtar.com\/index.php?rest_route=\/wp\/v2\/types\/page"}],"author":[{"embeddable":true,"href":"https:\/\/navialtar.com\/index.php?rest_route=\/wp\/v2\/users\/1"}],"replies":[{"embeddable":true,"href":"https:\/\/navialtar.com\/index.php?rest_route=%2Fwp%2Fv2%2Fcomments&post=12"}],"version-history":[{"count":31,"href":"https:\/\/navialtar.com\/index.php?rest_route=\/wp\/v2\/pages\/12\/revisions"}],"predecessor-version":[{"id":100,"href":"https:\/\/navialtar.com\/index.php?rest_route=\/wp\/v2\/pages\/12\/revisions\/100"}],"wp:attachment":[{"href":"https:\/\/navialtar.com\/index.php?rest_route=%2Fwp%2Fv2%2Fmedia&parent=12"}],"curies":[{"name":"wp","href":"https:\/\/api.w.org\/{rel}","templated":true}]}}